{"id":94,"date":"2019-09-26T20:03:42","date_gmt":"2019-09-26T20:03:42","guid":{"rendered":"http:\/\/test.bsc-lahr.de\/?page_id=94"},"modified":"2019-09-28T16:52:18","modified_gmt":"2019-09-28T16:52:18","slug":"dsasdssd","status":"publish","type":"page","link":"https:\/\/bsc-lahr.de\/?page_id=94","title":{"rendered":"Bogenarten"},"content":{"rendered":"<h3>\u00a0<\/h3>\n<h3 style=\"text-align: center;\">Blankbogen<\/h3>\n<hr \/>\n\n\n<figure class=\"wp-block-image\"><img decoding=\"async\" src=\"http:\/\/bsc-lahr.de\/wp-content\/uploads\/2019\/09\/Blankbogen.gif\" alt=\"\" class=\"wp-image-451\"\/><\/figure>\n\n\n<p>Als Blankb\u00f6gen gelten olympische Recurveb\u00f6gen ohne Visier und ohne Stabilisatoren. Einzig das Anbringen von Gewichten f\u00fcr eine h\u00f6here Stabilisation beim Abschuss direkt am Griffst\u00fcck ist erlaubt. Das Gewicht soll bewirken, dass der Bogen nach dem L\u00f6sen des Schusses nicht zum Sch\u00fctzen kippt, sondern in einer stabilen, aufrechten Stellung verharrt. Der entspannte Blankbogen inklusiv angebrachter Zusatzgewichte muss noch durch einen Ring mit dem Durchmesser von 12,2 cm geschoben werden k\u00f6nnen.<\/p>\n<p><!--more--><br \/>Olympischer Recurve und der Blankbogen unterscheiden sich, ausgenommen von technischen Details, auch vom Handling w\u00e4hrend des Schussaufbaus. Statt des fehlenden Visiers wird die ungenauere Pfeilspitze anvisiert (dadurch auch die k\u00fcrzeren Schussdistanzen). Hier kommen insbesondere spezielle Auszug- und Ankertechniken wie Stringwalking oder Facewalking zum Einsatz kontr\u00e4r zum mediterranen Auszug\/Anker, der beim olympischen Recurve vorherrschend ist. Unter Ankern versteht der Bogensch\u00fctze die genaue Positionierung und Lage der Zughand an einem bestimmten Punkt am Kopf. Im Gegensatz dazu steht die Bogenhand, welche den Bogen festh\u00e4lt und den Auszug erm\u00f6glicht.<br \/>Jede Markierung am Bogen, anhand welcher der Sch\u00fctze eine Entfernung absch\u00e4tzen oder als Zielhilfe dienen kann, ist verboten. Hierzu z\u00e4hlen Markierungen, Ausbuchtungen, Maserungen, Kerben oder Kratzer im Bogenfenster als auch auf der R\u00fcckseite des oberen Wurfarmes. Ebenso ist es verboten Auszugskontrollen zu verwenden (Klicker).<\/p>\n<p>\u00a0<\/p>\n<p>\u00a0<\/p>\n<p>\u00a0<\/p>\n<p>\u00a0<\/p>\n<h3 style=\"text-align: center;\">Recurvebogen<\/h3>\n<hr \/>\n\n\n<figure class=\"wp-block-image\"><img decoding=\"async\" src=\"http:\/\/bsc-lahr.de\/wp-content\/uploads\/2019\/09\/Recurve.gif\" alt=\"\" class=\"wp-image-453\"\/><\/figure>\n\n\n<p>Der Recurvebogen (olympischer Bogen)<br \/>Den olympischen Bogen (Recurvebogen), erkennt man daran, dass die Enden der Wurfarme nach vorne gebogen sind. Die neueren und modernen Materialien machen den Recurvebogen als \u201eOlympischen Bogen\u201c zum idealen Einsteigerbogen.<\/p>\n<p><!--more--><br \/>Der Recurvebogen darf mehr technische Ausr\u00fcstung als ein Blankbogen besitzen, hierzu geh\u00f6ren eine Visiereinrichtung, ein Kisser, ein Klicker und ein Stabilisationssystem.<br \/>Beim Recurvebogen sind die Wurfarme austauschbar, so dass die Zugkraft des Bogens auf den Bogensch\u00fctzen angepasst werden kann. Ein Wettkampfbogen liegt in der Regel bei 35 &#8211; 40 Pfund (lbs), dagegen sollte ein Anf\u00e4ngerbogen ca. bei 20 &#8211; 28 Pfund liegen. Der Recurvebogen l\u00e4sst Pr\u00e4zisionssch\u00fcsse bis zu 90m zu.<\/p>\n<p>\u00a0<\/p>\n<p>\u00a0<\/p>\n<p>\u00a0<\/p>\n<p>\u00a0<\/p>\n<h3 style=\"text-align: center;\"><strong>Compoundbogen<\/strong><\/h3>\n<hr \/>\n\n\n<figure class=\"wp-block-image\"><img decoding=\"async\" src=\"http:\/\/bsc-lahr.de\/wp-content\/uploads\/2019\/09\/Compound.gif\" alt=\"\" class=\"wp-image-452\"\/><\/figure>\n\n\n<p>Moderne Compoundb\u00f6gen wenden wie bei einem Wellrad das Hebelgesetz an. Durch die exzentrische Aufh\u00e4ngung der Cams ver\u00e4ndert sich der Angriffswinkel und der Hebelarm. Werden die Rollen\/Cams mit der Bogensehne nach au\u00dfen gezogen, verl\u00e4ngert sich der Hebelarm. Dadurch ergibt sich im Gegensatz zu anderen B\u00f6gen ein nicht-linearer Kraftverlauf beim Auszug:<\/p>\n<p><!--more--><br>Mit steigendem Auszug nimmt die Kraft zun\u00e4chst stetig zu (wie auch bei anderen B\u00f6gen), um dann aber beim \u00dcberschreiten des sogenannten Gipfel-Zuggewichtes schlagartig abzunehmen. Der Bogensch\u00fctze h\u00e4lt dann bei voll ausgezogenem Bogen nur noch einen Bruchteil des Gipfelzuggewichtes. Dadurch kann der Bogen ruhiger gehalten werden und das Zielen f\u00e4llt wesentlich leichter. Typische Werte liegen hier um die 70 %, so dass im Auszug etwa 15 bis 20 Pfund gehalten werden m\u00fcssen.<br>Durch seine Konstruktion kann ein Compoundbogen bei gleicher oder sogar gr\u00f6\u00dferer Auszugsl\u00e4nge erheblich k\u00fcrzer gebaut werden und ist entweder leichter zu ziehen oder kann mit sehr viel h\u00f6herem Zuggewicht bei gleichem Kraftaufwand gezogen werden. Er ist kompakter und kann l\u00e4nger in &#8217;schussbereiter&#8216; Position (voll ausgezogen) gehalten werden als andere Bogentypen.<br>Die Pfeile k\u00f6nnen Abschussgeschwindigkeiten von mehr als 100 m\/s bzw. 360 km\/h erreichen. Durch die hohe Geschwindigkeit ist der Pfeil schneller im Ziel und die Flugbahn flacher.<br>Da Compoundb\u00f6gen in gespanntem Zustand aufbewahrt werden k\u00f6nnen, muss vor dem Gebrauch nicht erst die Sehne aufgespannt werden.<\/p>","protected":false},"excerpt":{"rendered":"<p>\u00a0 Blankbogen Als Blankb\u00f6gen gelten olympische Recurveb\u00f6gen ohne Visier und ohne Stabilisatoren. Einzig das Anbringen von Gewichten f\u00fcr eine h\u00f6here Stabilisation beim Abschuss direkt am&hellip;<\/p>\n","protected":false},"author":1,"featured_media":0,"parent":0,"menu_order":0,"comment_status":"closed","ping_status":"closed","template":"","meta":{"_uag_custom_page_level_css":"","pgc_sgb_lightbox_settings":"","footnotes":""},"class_list":["post-94","page","type-page","status-publish","hentry"],"uagb_featured_image_src":{"full":false,"thumbnail":false,"medium":false,"medium_large":false,"large":false,"1536x1536":false,"2048x2048":false,"wp-notes-widget-image":false},"uagb_author_info":{"display_name":"Stefan1975","author_link":"https:\/\/bsc-lahr.de\/?author=1"},"uagb_comment_info":0,"uagb_excerpt":"\u00a0 Blankbogen Als Blankb\u00f6gen gelten olympische Recurveb\u00f6gen ohne Visier und ohne Stabilisatoren. Einzig das Anbringen von Gewichten f\u00fcr eine h\u00f6here Stabilisation beim Abschuss direkt am&hellip;","_links":{"self":[{"href":"https:\/\/bsc-lahr.de\/index.php?rest_route=\/wp\/v2\/pages\/94","targetHints":{"allow":["GET"]}}],"collection":[{"href":"https:\/\/bsc-lahr.de\/index.php?rest_route=\/wp\/v2\/pages"}],"about":[{"href":"https:\/\/bsc-lahr.de\/index.php?rest_route=\/wp\/v2\/types\/page"}],"author":[{"embeddable":true,"href":"https:\/\/bsc-lahr.de\/index.php?rest_route=\/wp\/v2\/users\/1"}],"replies":[{"embeddable":true,"href":"https:\/\/bsc-lahr.de\/index.php?rest_route=%2Fwp%2Fv2%2Fcomments&post=94"}],"version-history":[{"count":21,"href":"https:\/\/bsc-lahr.de\/index.php?rest_route=\/wp\/v2\/pages\/94\/revisions"}],"predecessor-version":[{"id":456,"href":"https:\/\/bsc-lahr.de\/index.php?rest_route=\/wp\/v2\/pages\/94\/revisions\/456"}],"wp:attachment":[{"href":"https:\/\/bsc-lahr.de\/index.php?rest_route=%2Fwp%2Fv2%2Fmedia&parent=94"}],"curies":[{"name":"wp","href":"https:\/\/api.w.org\/{rel}","templated":true}]}}