{"id":35,"date":"2019-09-26T11:41:27","date_gmt":"2019-09-26T11:41:27","guid":{"rendered":"http:\/\/test.bsc-lahr.de\/?page_id=35"},"modified":"2024-07-04T18:03:02","modified_gmt":"2024-07-04T16:03:02","slug":"__trashed","status":"publish","type":"page","link":"https:\/\/bsc-lahr.de\/?page_id=35","title":{"rendered":"Training"},"content":{"rendered":"\n\n<table id=\"tablepress-20\" class=\"tablepress tablepress-id-20\">\n<thead>\n<tr class=\"row-1\">\n\t<td class=\"column-1\"><\/td><td class=\"column-2\"><\/td>\n<\/tr>\n<\/thead>\n<tbody class=\"row-striping row-hover\">\n<\/tbody>\n<\/table>\n<!-- #tablepress-20 from cache -->\n\n\n\n<p class=\"has-text-align-center\"><strong>Schnuppertraining f\u00fcr Kinder und Jugendliche<\/strong><\/p>\n\n\n\n<p class=\"has-text-align-center\">Kinder und Jugendliche die Interesse am Bogenschie\u00dfen haben, k\u00f6nnen uns gerne \u00fcber unser Kontaktformular anschreiben, damit wir einen Termin vereinbaren k\u00f6nnen.<\/p>\n\n\n\n<p class=\"has-text-align-center\"><strong>Schnuppertraining f\u00fcr Erwachsene<\/strong><\/p>\n\n\n\n<p class=\"has-text-align-center\">Damit wir einen Termin f\u00fcr ein Schnuppertraining vereinbaren k\u00f6nnen, schickt uns \u00fcber das Kontaktformular einfach eine kurze Nachricht.<\/p>\n\n\n\n<div class=\"wp-block-columns is-layout-flex wp-container-core-columns-is-layout-9d6595d7 wp-block-columns-is-layout-flex\">\n<div class=\"wp-block-column is-layout-flow wp-block-column-is-layout-flow\" style=\"flex-basis:100%\">\n<h3 style=\"text-align: center;\"><strong>Trainingszeiten<\/strong><\/h3>\n<hr \/>\n<p style=\"text-align: center;\"><strong>Sommersaison auf dem Bogenplatz vom 01.04. bis 30.09.<\/strong><\/p>\n<p style=\"text-align: center;\"><strong>Jugendtraining<\/strong><\/p>\n<p style=\"text-align: center;\">Dienstag \u00a0 \u00a0\u00a0 17:00 bis 19:00 Uhr<\/p>\n<p style=\"text-align: center;\">Donnerstag \u00a0 \u00a0 17:00 bis 19:00 Uhr<\/p>\n<p style=\"text-align: center;\"><strong>Erwachsenentraining<\/strong><\/p>\n<p style=\"text-align: center;\">Montag\u00a0 \u00a0 18:00 bis 20:00 Uhr<\/p>\n<hr \/>\n<p style=\"text-align: center;\"><strong>Wintersaison in der Halle der Eichrodtschule vom 01.10. bis 31.03.<\/strong><\/p>\n<p style=\"text-align: center;\"><strong>Jugendtraining<\/strong><\/p>\n<p style=\"text-align: center;\">Dienstag \u00a0 \u00a0\u00a0 17:00 bis 19:00 Uhr<\/p>\n<p style=\"text-align: center;\">Donnerstag \u00a0\u00a0 17:00 bis 19:00 Uhr<\/p>\n<p style=\"text-align: center;\"><strong>Erwachsenentraining<\/strong><\/p>\n<p style=\"text-align: center;\">Donnerstag \u00a019:30 bis 21:30 Uhr<\/p>\n<p style=\"text-align: center;\"><strong>W\u00e4hrend der Schulferien findet kein statt!<\/strong><\/p>\n<h3 style=\"text-align: center;\">\u00a0<\/h3>\n<hr \/>\n<\/div>\n<\/div>\n","protected":false},"excerpt":{"rendered":"<p>Schnuppertraining f\u00fcr Kinder und Jugendliche Kinder und Jugendliche die Interesse am Bogenschie\u00dfen haben, k\u00f6nnen uns gerne \u00fcber unser Kontaktformular anschreiben, damit wir einen Termin vereinbaren&hellip;<\/p>\n","protected":false},"author":1,"featured_media":0,"parent":0,"menu_order":0,"comment_status":"closed","ping_status":"closed","template":"","meta":{"_uag_custom_page_level_css":"","pgc_sgb_lightbox_settings":"","footnotes":""},"class_list":["post-35","page","type-page","status-publish","hentry"],"uagb_featured_image_src":{"full":false,"thumbnail":false,"medium":false,"medium_large":false,"large":false,"1536x1536":false,"2048x2048":false,"wp-notes-widget-image":false},"uagb_author_info":{"display_name":"Stefan1975","author_link":"https:\/\/bsc-lahr.de\/?author=1"},"uagb_comment_info":0,"uagb_excerpt":"Schnuppertraining f\u00fcr Kinder und Jugendliche Kinder und Jugendliche die Interesse am Bogenschie\u00dfen haben, k\u00f6nnen uns gerne \u00fcber unser Kontaktformular anschreiben, damit wir einen Termin vereinbaren&hellip;","_links":{"self":[{"href":"https:\/\/bsc-lahr.de\/index.php?rest_route=\/wp\/v2\/pages\/35","targetHints":{"allow":["GET"]}}],"collection":[{"href":"https:\/\/bsc-lahr.de\/index.php?rest_route=\/wp\/v2\/pages"}],"about":[{"href":"https:\/\/bsc-lahr.de\/index.php?rest_route=\/wp\/v2\/types\/page"}],"author":[{"embeddable":true,"href":"https:\/\/bsc-lahr.de\/index.php?rest_route=\/wp\/v2\/users\/1"}],"replies":[{"embeddable":true,"href":"https:\/\/bsc-lahr.de\/index.php?rest_route=%2Fwp%2Fv2%2Fcomments&post=35"}],"version-history":[{"count":91,"href":"https:\/\/bsc-lahr.de\/index.php?rest_route=\/wp\/v2\/pages\/35\/revisions"}],"predecessor-version":[{"id":1562,"href":"https:\/\/bsc-lahr.de\/index.php?rest_route=\/wp\/v2\/pages\/35\/revisions\/1562"}],"wp:attachment":[{"href":"https:\/\/bsc-lahr.de\/index.php?rest_route=%2Fwp%2Fv2%2Fmedia&parent=35"}],"curies":[{"name":"wp","href":"https:\/\/api.w.org\/{rel}","templated":true}]}}