{"id":18,"date":"2019-09-26T11:23:18","date_gmt":"2019-09-26T09:23:18","guid":{"rendered":"http:\/\/test.bsc-lahr.de\/?page_id=18"},"modified":"2022-03-23T13:48:16","modified_gmt":"2022-03-23T12:48:16","slug":"verein","status":"publish","type":"page","link":"https:\/\/bsc-lahr.de\/?page_id=18","title":{"rendered":"Der Verein"},"content":{"rendered":"<hr \/>\n<p style=\"text-align: center;\">\u00a0<\/p>\n<h3>\u00a0<\/h3>\n<h3 style=\"text-align: center;\">Der Verein<\/h3>\n<hr \/>\n\n\n<div class=\"wp-block-cover has-background-dim\" style=\"background-image:url(http:\/\/test.bsc-lahr.de\/wp-content\/uploads\/2019\/09\/9.jpg)\"><div class=\"wp-block-cover__inner-container is-layout-flow wp-block-cover-is-layout-flow\">\n<p class=\"has-text-align-center\"><strong>Seit unserer Gr\u00fcndung im Jahr 1992 sind wir mittlerweile auf ca. 80 Mitglieder zwischen 7 und 86 Jahren angewachsen. Die starke und erfolgreiche Jugendabteilung hat allein schon ca. 30 Mitglieder.<\/strong><\/p>\n\n\n\n<p class=\"has-text-align-center\"><strong>Unser Ziel ist es, den Bogensport f\u00fcr Anf\u00e4nger und Fortgeschrittene als Freizeit- und Leistungssport in jeder Form zu f\u00f6rdern und zu pflegen. Geselligkeit soll dabei auch nicht zu kurz kommen.<\/strong><\/p>\n<\/div><\/div>\n\n\n\n<div style=\"height:74px\" aria-hidden=\"true\" class=\"wp-block-spacer\"><\/div>\n\n\n<h3 style=\"text-align: center;\">Der Bogenplatz<\/h3>\n<hr>\n\n\n<div class=\"wp-block-cover has-background-dim\" style=\"background-image:url(http:\/\/test.bsc-lahr.de\/wp-content\/uploads\/2019\/09\/6-1024x768.jpg)\"><div class=\"wp-block-cover__inner-container is-layout-flow wp-block-cover-is-layout-flow\">\n<p class=\"has-text-align-center has-large-font-size\"><strong>Auf unserem Platz, der gesch\u00fctzt in einem kleinen W\u00e4ldchen liegt, k\u00f6nnen wir bis zu 25 Scheiben stellen. Davon ist bei 15 Scheiben eine Distanz von bis zu 90m m\u00f6glich.<\/strong><\/p>\n<\/div><\/div>\n\n\n\n<div style=\"height:59px\" aria-hidden=\"true\" class=\"wp-block-spacer\"><\/div>\n\n\n\n<div class=\"wp-block-cover has-background-dim\" style=\"background-image:url(http:\/\/test.bsc-lahr.de\/wp-content\/uploads\/2019\/09\/7.jpg)\"><div class=\"wp-block-cover__inner-container is-layout-flow wp-block-cover-is-layout-flow\">\n<p class=\"has-text-align-center has-large-font-size\"><strong>Wir verf\u00fcgen auch \u00fcber eine \u00fcberdachte Sitzgelegenheit und eine Grillstelle, die wir \u00f6fters nach dem Training oder zu sonstigen Anl\u00e4ssen nutzen.<\/strong><\/p>\n<\/div><\/div>\n","protected":false},"excerpt":{"rendered":"<p>\u00a0 \u00a0 Der Verein Der Bogenplatz<\/p>\n","protected":false},"author":1,"featured_media":0,"parent":0,"menu_order":0,"comment_status":"closed","ping_status":"closed","template":"","meta":{"_uag_custom_page_level_css":"","pgc_sgb_lightbox_settings":"","footnotes":""},"class_list":["post-18","page","type-page","status-publish","hentry"],"uagb_featured_image_src":{"full":false,"thumbnail":false,"medium":false,"medium_large":false,"large":false,"1536x1536":false,"2048x2048":false,"wp-notes-widget-image":false},"uagb_author_info":{"display_name":"Stefan1975","author_link":"https:\/\/bsc-lahr.de\/?author=1"},"uagb_comment_info":0,"uagb_excerpt":"\u00a0 \u00a0 Der Verein Der Bogenplatz","_links":{"self":[{"href":"https:\/\/bsc-lahr.de\/index.php?rest_route=\/wp\/v2\/pages\/18","targetHints":{"allow":["GET"]}}],"collection":[{"href":"https:\/\/bsc-lahr.de\/index.php?rest_route=\/wp\/v2\/pages"}],"about":[{"href":"https:\/\/bsc-lahr.de\/index.php?rest_route=\/wp\/v2\/types\/page"}],"author":[{"embeddable":true,"href":"https:\/\/bsc-lahr.de\/index.php?rest_route=\/wp\/v2\/users\/1"}],"replies":[{"embeddable":true,"href":"https:\/\/bsc-lahr.de\/index.php?rest_route=%2Fwp%2Fv2%2Fcomments&post=18"}],"version-history":[{"count":29,"href":"https:\/\/bsc-lahr.de\/index.php?rest_route=\/wp\/v2\/pages\/18\/revisions"}],"predecessor-version":[{"id":990,"href":"https:\/\/bsc-lahr.de\/index.php?rest_route=\/wp\/v2\/pages\/18\/revisions\/990"}],"wp:attachment":[{"href":"https:\/\/bsc-lahr.de\/index.php?rest_route=%2Fwp%2Fv2%2Fmedia&parent=18"}],"curies":[{"name":"wp","href":"https:\/\/api.w.org\/{rel}","templated":true}]}}